{"id":26,"date":"2020-03-26T18:26:06","date_gmt":"2020-03-26T18:26:06","guid":{"rendered":"http:\/\/spidu.dg-dudensen.de\/?page_id=26"},"modified":"2022-02-18T14:12:33","modified_gmt":"2022-02-18T14:12:33","slug":"impressum","status":"publish","type":"page","link":"http:\/\/spidu.dg-dudensen.de\/?page_id=26","title":{"rendered":"Impressum"},"content":{"rendered":"\n<p> SpIDu &#8211; Spielplatz Initiative Dudensen<br>Ansprechpartner: Arne Nuttelmann<br><a rel=\"noreferrer noopener\" aria-label=\"SpIDu@dg-dudensen.de (\u00f6ffnet in neuem Tab)\" href=\"mailto:SpiDu@dg-dudensen.de\" target=\"_blank\">SpIDu@dg-dudensen.de<\/a><br><br>Verantwortlich f\u00fcr die Gestaltung mit WordPress:<br>Susann Brosch, Grafik \u2022 Foto \u2022 Text<br>Dudenserstr. 15, 31535 Neustadt<br><a rel=\"noreferrer noopener\" href=\"mailto:info@subsign.net\" target=\"_blank\">info@subsign.net<\/a>,\u00a0<a rel=\"noreferrer noopener\" aria-label=\"www.subsign.net (\u00f6ffnet in neuem Tab)\" href=\"http:\/\/www.subsign.net\" target=\"_blank\">www.subsign.net<\/a><br><\/p>\n\n\n\n<p><strong>Urheberrecht<\/strong><br>Die durch den Seitenbetreiber erstellten Inhalte und Werke auf diesen Seiten unterliegen dem deutschen Urheberrecht. Die Vervielf\u00e4ltigung, Bearbeitung, Verbreitung und jede Art der Verwertung au\u00dferhalb der Grenzen des Urheberrechtes bed\u00fcrfen der schriftlichen Zustimmung vom Betreiber dieser Seiten. Downloads und Kopien dieser Seite sind nicht gestattet. Soweit die Inhalte auf dieser Seite nicht vom Betreiber erstellt wurden, werden die Urheberrechte Dritter beachtet. Insbesondere werden Inhalte Dritter als solche gekennzeichnet. Sollten Sie trotzdem auf eine Urheberrechtsverletzung aufmerksam werden, bitten wir um einen entsprechenden Hinweis. Bei Bekanntwerden von Rechtsverletzungen werden wir derartige Inhalte umgehend entfernen. <br><strong>Datenschutz<br><\/strong>Die Nutzung unserer Webseite ist in der Regel ohne Angabe personenbezogener Daten m\u00f6glich. Soweit auf unseren Seiten personenbezogene Daten (beispielsweise Name, Anschrift oder E-Mail-Adressen) erhoben werden, erfolgt dies, soweit m\u00f6glich, stets auf freiwilliger Basis. Diese Daten werden ohne Ihre ausdr\u00fcckliche Zustimmung nicht an Dritte weitergegeben. Wir weisen darauf hin, dass die Daten\u00fcbertragung im Internet (z. B. bei der Kommunikation per E-Mail) Sicherheitsl\u00fccken aufweisen kann. Ein l\u00fcckenloser Schutz der Daten vor dem Zugriff durch Dritte ist nicht m\u00f6glich. Der Nutzung von im Rahmen der Impressumspflicht ver\u00f6ffentlichten Kontaktdaten durch Dritte zur \u00dcbersendung von nicht ausdr\u00fccklich angeforderter Werbung und Informationsmaterialien wird hiermit ausdr\u00fccklich widersprochen. Der Betreiber der Seiten beh\u00e4lt sich ausdr\u00fccklich rechtliche Schritte im Falle der unverlangten Zusendung von Werbeinformationen, etwa durch Spam-Mails, vor.&nbsp;<br>Quelle:&nbsp;<a rel=\"noreferrer noopener\" href=\"http:\/\/www.e-recht24.de\/muster-disclaimer.htm\" target=\"_blank\">Disclaimer<\/a>&nbsp;von eRecht24, dem Portal zum Internetrecht von&nbsp;<a rel=\"noreferrer noopener\" href=\"http:\/\/www.e-recht24.de\/\" target=\"_blank\">Rechtsanwalt<\/a>&nbsp;S\u00f6ren Siebert.<\/p>\n","protected":false},"excerpt":{"rendered":"<p>SpIDu &#8211; Spielplatz Initiative DudensenAnsprechpartner: Arne NuttelmannSpIDu@dg-dudensen.de Verantwortlich f\u00fcr die Gestaltung mit WordPress:Susann Brosch, Grafik \u2022 Foto \u2022 TextDudenserstr. 15, 31535 Neustadtinfo@subsign.net,\u00a0www.subsign.net UrheberrechtDie durch den Seitenbetreiber erstellten Inhalte und Werke auf diesen Seiten unterliegen dem deutschen Urheberrecht. Die Vervielf\u00e4ltigung, Bearbeitung, Verbreitung und jede Art der Verwertung au\u00dferhalb der Grenzen des Urheberrechtes bed\u00fcrfen der schriftlichen Zustimmung &hellip; <\/p>\n<p class=\"link-more\"><a href=\"http:\/\/spidu.dg-dudensen.de\/?page_id=26\" class=\"more-link\"><span class=\"screen-reader-text\">\u201eImpressum\u201c<\/span> weiterlesen<\/a><\/p>\n","protected":false},"author":1,"featured_media":0,"parent":0,"menu_order":0,"comment_status":"closed","ping_status":"closed","template":"","meta":[],"_links":{"self":[{"href":"http:\/\/spidu.dg-dudensen.de\/index.php?rest_route=\/wp\/v2\/pages\/26"}],"collection":[{"href":"http:\/\/spidu.dg-dudensen.de\/index.php?rest_route=\/wp\/v2\/pages"}],"about":[{"href":"http:\/\/spidu.dg-dudensen.de\/index.php?rest_route=\/wp\/v2\/types\/page"}],"author":[{"embeddable":true,"href":"http:\/\/spidu.dg-dudensen.de\/index.php?rest_route=\/wp\/v2\/users\/1"}],"replies":[{"embeddable":true,"href":"http:\/\/spidu.dg-dudensen.de\/index.php?rest_route=%2Fwp%2Fv2%2Fcomments&post=26"}],"version-history":[{"count":12,"href":"http:\/\/spidu.dg-dudensen.de\/index.php?rest_route=\/wp\/v2\/pages\/26\/revisions"}],"predecessor-version":[{"id":323,"href":"http:\/\/spidu.dg-dudensen.de\/index.php?rest_route=\/wp\/v2\/pages\/26\/revisions\/323"}],"wp:attachment":[{"href":"http:\/\/spidu.dg-dudensen.de\/index.php?rest_route=%2Fwp%2Fv2%2Fmedia&parent=26"}],"curies":[{"name":"wp","href":"https:\/\/api.w.org\/{rel}","templated":true}]}}