{"id":2,"date":"2016-05-10T03:48:21","date_gmt":"2016-05-10T03:48:21","guid":{"rendered":"http:\/\/spidu.dg-dudensen.de\/?page_id=2"},"modified":"2020-03-26T20:41:52","modified_gmt":"2020-03-26T20:41:52","slug":"sample-page","status":"publish","type":"page","link":"http:\/\/spidu.dg-dudensen.de\/","title":{"rendered":"Ein Spielplatz f\u00fcr das Dorf"},"content":{"rendered":"<p align=\"justify\"><span class=\"Stil1\">&#8222;<\/span><span class=\"Stil1\">Unserem Dorf fehlt ein attraktiver Treffpunkt f\u00fcr die Kinder.&#8220; Immer wieder war dieser Satz von Eltern zu h\u00f6ren. Es herrschte ein regelrechter Spielplatz-Tourismus: Kinder ins Auto packen und die Spielpl\u00e4tze der n\u00e4heren oder auch weiteren Umgebung erkunden.<\/span><\/p>\n<p class=\"Stil1\" align=\"justify\">Aus diesem Gedanken heraus ist im April 2009 eine Initiative gegr\u00fcndet worden, die in der Dorfmitte einen Spielplatz bauen wollte.<br \/>Mit Unterst\u00fctzung des damaligen Ortsb\u00fcrgermeister G\u00fcnther Falldorf, wurde der Kontakt zu Stadtplanerin Sabine Gambig der Verwaltung Neustadt hergestellt. Der Kirchenvorstand Dudensen unterst\u00fctzte das Projekt und verpachtete das Gel\u00e4nde an die Stadtverwaltung. Somit stand der konkreten Planung nichts mehr im Weg. Nach der Gr\u00fcndung des Vereins Dorfgemeinschaft Dudensen im November 2010 erhielt die Initiative weitere Unterst\u00fctzung.<\/p>\n<p class=\"Stil1\" align=\"justify\">Durch Spenden, j\u00e4hrliche Aktionen wie die Kinderfaschingspartys im Sch\u00fctzenhaus und das Kinderschminken auf dem M\u00fchlenfest, sowie der Anschubfinanzierung der Stadtverwaltung, konnte das Projekt realisiert werden. Die Aufnahme des M\u00fchlenfelder Landes in das Dorferneuerungsprogramm er\u00f6ffnete die Chance auf weitere F\u00f6rdermittel. Als erstes Projekt des Vereins Dorfgemeinschaft Dudensen wurde aus dem anfangs geplanten Spielplatz f\u00fcr Kinder, ein Mehrgenerationenplatz mit Beachvolleyballfeld, Boulebahn und Tischtennisplatte f\u00fcr alle Dudenser.<\/p>\n<p class=\"Stil1\" align=\"justify\">Im August 2011 dann endlich der erste Spatenstich: Die bereits vorhandene Vogelnestschaukel am Rand des Bolzplatzes bekam eine neue Heimat auf der anderen Seite des Wehmewegs. Bis zum Juni 2013 kamen immer mehr Bauabschnitte hinzu.<br \/>Und das Ergebnis kann sich sehen lassen! Ein gelungenes Beispiel daf\u00fcr, wie durch Engagement, Initiative und Unterst\u00fctzung ein Wunsch in Erf\u00fcllung gehen kann.<\/p>\n<p class=\"Stil1\" align=\"justify\">Am 23. Juni 2013 haben wir Dudenser den Mehrgenerationenplatz mit einer kleinen Feier offiziell er\u00f6ffnet.<\/p>\n\n\n<p><\/p>\n","protected":false},"excerpt":{"rendered":"<p>&#8222;Unserem Dorf fehlt ein attraktiver Treffpunkt f\u00fcr die Kinder.&#8220; Immer wieder war dieser Satz von Eltern zu h\u00f6ren. Es herrschte ein regelrechter Spielplatz-Tourismus: Kinder ins Auto packen und die Spielpl\u00e4tze der n\u00e4heren oder auch weiteren Umgebung erkunden. Aus diesem Gedanken heraus ist im April 2009 eine Initiative gegr\u00fcndet worden, die in der Dorfmitte einen Spielplatz &hellip; <\/p>\n<p class=\"link-more\"><a href=\"http:\/\/spidu.dg-dudensen.de\/\" class=\"more-link\"><span class=\"screen-reader-text\">\u201eEin Spielplatz f\u00fcr das Dorf\u201c<\/span> weiterlesen<\/a><\/p>\n","protected":false},"author":1,"featured_media":0,"parent":0,"menu_order":0,"comment_status":"closed","ping_status":"open","template":"","meta":[],"_links":{"self":[{"href":"http:\/\/spidu.dg-dudensen.de\/index.php?rest_route=\/wp\/v2\/pages\/2"}],"collection":[{"href":"http:\/\/spidu.dg-dudensen.de\/index.php?rest_route=\/wp\/v2\/pages"}],"about":[{"href":"http:\/\/spidu.dg-dudensen.de\/index.php?rest_route=\/wp\/v2\/types\/page"}],"author":[{"embeddable":true,"href":"http:\/\/spidu.dg-dudensen.de\/index.php?rest_route=\/wp\/v2\/users\/1"}],"replies":[{"embeddable":true,"href":"http:\/\/spidu.dg-dudensen.de\/index.php?rest_route=%2Fwp%2Fv2%2Fcomments&post=2"}],"version-history":[{"count":4,"href":"http:\/\/spidu.dg-dudensen.de\/index.php?rest_route=\/wp\/v2\/pages\/2\/revisions"}],"predecessor-version":[{"id":92,"href":"http:\/\/spidu.dg-dudensen.de\/index.php?rest_route=\/wp\/v2\/pages\/2\/revisions\/92"}],"wp:attachment":[{"href":"http:\/\/spidu.dg-dudensen.de\/index.php?rest_route=%2Fwp%2Fv2%2Fmedia&parent=2"}],"curies":[{"name":"wp","href":"https:\/\/api.w.org\/{rel}","templated":true}]}}